{"id":40467,"date":"2023-06-12T14:32:54","date_gmt":"2023-06-12T14:32:54","guid":{"rendered":"https:\/\/trojka.pl\/?post_type=product&#038;p=40467"},"modified":"2023-06-12T14:33:01","modified_gmt":"2023-06-12T14:33:01","slug":"przejscie-adapter-wt-usb-c-gn-gn-35-krotkie-katowe-2","status":"publish","type":"product","link":"https:\/\/trojka.pl\/index.php\/produkt\/przejscie-adapter-wt-usb-c-gn-gn-35-krotkie-katowe-2\/","title":{"rendered":"PRZEJ\u015aCIE ADAPTER  WT. USB C &#8211; GN. + GN 3,5 KR\u00d3TKIE K\u0104TOWE"},"content":{"rendered":"","protected":false},"excerpt":{"rendered":"","protected":false},"featured_media":0,"template":"","meta":[],"product_cat":[24],"product_tag":[],"class_list":["post-40467","product","type-product","status-publish","hentry","product_cat-bez-kategorii"],"_links":{"self":[{"href":"https:\/\/trojka.pl\/index.php\/wp-json\/wp\/v2\/product\/40467","targetHints":{"allow":["GET"]}}],"collection":[{"href":"https:\/\/trojka.pl\/index.php\/wp-json\/wp\/v2\/product"}],"about":[{"href":"https:\/\/trojka.pl\/index.php\/wp-json\/wp\/v2\/types\/product"}],"wp:attachment":[{"href":"https:\/\/trojka.pl\/index.php\/wp-json\/wp\/v2\/media?parent=40467"}],"wp:term":[{"taxonomy":"product_cat","embeddable":true,"href":"https:\/\/trojka.pl\/index.php\/wp-json\/wp\/v2\/product_cat?post=40467"},{"taxonomy":"product_tag","embeddable":true,"href":"https:\/\/trojka.pl\/index.php\/wp-json\/wp\/v2\/product_tag?post=40467"}],"curies":[{"name":"wp","href":"https:\/\/api.w.org\/{rel}","templated":true}]}}