{"id":40440,"date":"2023-06-12T14:32:40","date_gmt":"2023-06-12T14:32:40","guid":{"rendered":"https:\/\/trojka.pl\/?post_type=product&#038;p=40440"},"modified":"2023-06-12T14:32:47","modified_gmt":"2023-06-12T14:32:47","slug":"przedluzacz-sieciowy-z-wyl-5-gn-15m-2-gn-usb-2","status":"publish","type":"product","link":"https:\/\/trojka.pl\/index.php\/produkt\/przedluzacz-sieciowy-z-wyl-5-gn-15m-2-gn-usb-2\/","title":{"rendered":"PRZED\u0141U\u017bACZ SIECIOWY Z WY\u0141. 5 GN. 1,5m + 2 GN. USB"},"content":{"rendered":"","protected":false},"excerpt":{"rendered":"","protected":false},"featured_media":0,"template":"","meta":[],"product_cat":[24],"product_tag":[],"class_list":["post-40440","product","type-product","status-publish","hentry","product_cat-bez-kategorii"],"_links":{"self":[{"href":"https:\/\/trojka.pl\/index.php\/wp-json\/wp\/v2\/product\/40440","targetHints":{"allow":["GET"]}}],"collection":[{"href":"https:\/\/trojka.pl\/index.php\/wp-json\/wp\/v2\/product"}],"about":[{"href":"https:\/\/trojka.pl\/index.php\/wp-json\/wp\/v2\/types\/product"}],"wp:attachment":[{"href":"https:\/\/trojka.pl\/index.php\/wp-json\/wp\/v2\/media?parent=40440"}],"wp:term":[{"taxonomy":"product_cat","embeddable":true,"href":"https:\/\/trojka.pl\/index.php\/wp-json\/wp\/v2\/product_cat?post=40440"},{"taxonomy":"product_tag","embeddable":true,"href":"https:\/\/trojka.pl\/index.php\/wp-json\/wp\/v2\/product_tag?post=40440"}],"curies":[{"name":"wp","href":"https:\/\/api.w.org\/{rel}","templated":true}]}}