{"id":40410,"date":"2023-06-12T14:32:25","date_gmt":"2023-06-12T14:32:25","guid":{"rendered":"https:\/\/trojka.pl\/?post_type=product&#038;p=40410"},"modified":"2023-06-12T14:32:31","modified_gmt":"2023-06-12T14:32:31","slug":"przedluzacz-db-25-5m-pelny-rozbieralny-2","status":"publish","type":"product","link":"https:\/\/trojka.pl\/index.php\/produkt\/przedluzacz-db-25-5m-pelny-rozbieralny-2\/","title":{"rendered":"PRZED\u0141U\u017bACZ DB 25 5M PE\u0141NY ROZBIERALNY"},"content":{"rendered":"","protected":false},"excerpt":{"rendered":"","protected":false},"featured_media":0,"template":"","meta":[],"product_cat":[24],"product_tag":[],"class_list":["post-40410","product","type-product","status-publish","hentry","product_cat-bez-kategorii"],"_links":{"self":[{"href":"https:\/\/trojka.pl\/index.php\/wp-json\/wp\/v2\/product\/40410","targetHints":{"allow":["GET"]}}],"collection":[{"href":"https:\/\/trojka.pl\/index.php\/wp-json\/wp\/v2\/product"}],"about":[{"href":"https:\/\/trojka.pl\/index.php\/wp-json\/wp\/v2\/types\/product"}],"wp:attachment":[{"href":"https:\/\/trojka.pl\/index.php\/wp-json\/wp\/v2\/media?parent=40410"}],"wp:term":[{"taxonomy":"product_cat","embeddable":true,"href":"https:\/\/trojka.pl\/index.php\/wp-json\/wp\/v2\/product_cat?post=40410"},{"taxonomy":"product_tag","embeddable":true,"href":"https:\/\/trojka.pl\/index.php\/wp-json\/wp\/v2\/product_tag?post=40410"}],"curies":[{"name":"wp","href":"https:\/\/api.w.org\/{rel}","templated":true}]}}