{"id":40246,"date":"2023-06-12T14:31:07","date_gmt":"2023-06-12T14:31:07","guid":{"rendered":"https:\/\/trojka.pl\/?post_type=product&#038;p=40246"},"modified":"2023-06-12T14:31:15","modified_gmt":"2023-06-12T14:31:15","slug":"plytka-uniwersalna-prototypowa-zestaw-przewodow-z-zm-zm-m-10szt-20cm-5-kolorow-czarne-2","status":"publish","type":"product","link":"https:\/\/trojka.pl\/index.php\/produkt\/plytka-uniwersalna-prototypowa-zestaw-przewodow-z-zm-zm-m-10szt-20cm-5-kolorow-czarne-2\/","title":{"rendered":"P\u0141YTKA UNIWERSALNA  PROTOTYPOWA ZESTAW PRZEWOD\u00d3W  \u017b\/\u017b,M\/\u017b,M\/M 10SZT 20cm 5 KOLOR\u00d3W\/CZARNE"},"content":{"rendered":"","protected":false},"excerpt":{"rendered":"","protected":false},"featured_media":0,"template":"","meta":[],"product_cat":[24],"product_tag":[],"class_list":["post-40246","product","type-product","status-publish","hentry","product_cat-bez-kategorii"],"_links":{"self":[{"href":"https:\/\/trojka.pl\/index.php\/wp-json\/wp\/v2\/product\/40246","targetHints":{"allow":["GET"]}}],"collection":[{"href":"https:\/\/trojka.pl\/index.php\/wp-json\/wp\/v2\/product"}],"about":[{"href":"https:\/\/trojka.pl\/index.php\/wp-json\/wp\/v2\/types\/product"}],"wp:attachment":[{"href":"https:\/\/trojka.pl\/index.php\/wp-json\/wp\/v2\/media?parent=40246"}],"wp:term":[{"taxonomy":"product_cat","embeddable":true,"href":"https:\/\/trojka.pl\/index.php\/wp-json\/wp\/v2\/product_cat?post=40246"},{"taxonomy":"product_tag","embeddable":true,"href":"https:\/\/trojka.pl\/index.php\/wp-json\/wp\/v2\/product_tag?post=40246"}],"curies":[{"name":"wp","href":"https:\/\/api.w.org\/{rel}","templated":true}]}}