{"id":40127,"date":"2023-06-12T14:30:08","date_gmt":"2023-06-12T14:30:08","guid":{"rendered":"https:\/\/trojka.pl\/?post_type=product&#038;p=40127"},"modified":"2023-06-12T14:30:18","modified_gmt":"2023-06-12T14:30:18","slug":"otwieracz-do-telefonow-tabletow-trojkat-2","status":"publish","type":"product","link":"https:\/\/trojka.pl\/index.php\/produkt\/otwieracz-do-telefonow-tabletow-trojkat-2\/","title":{"rendered":"OTWIERACZ DO TELEFON\u00d3W \/ TABLET\u00d3W TR\u00d3JK\u0104T"},"content":{"rendered":"","protected":false},"excerpt":{"rendered":"","protected":false},"featured_media":0,"template":"","meta":[],"product_cat":[24],"product_tag":[],"class_list":["post-40127","product","type-product","status-publish","hentry","product_cat-bez-kategorii"],"_links":{"self":[{"href":"https:\/\/trojka.pl\/index.php\/wp-json\/wp\/v2\/product\/40127","targetHints":{"allow":["GET"]}}],"collection":[{"href":"https:\/\/trojka.pl\/index.php\/wp-json\/wp\/v2\/product"}],"about":[{"href":"https:\/\/trojka.pl\/index.php\/wp-json\/wp\/v2\/types\/product"}],"wp:attachment":[{"href":"https:\/\/trojka.pl\/index.php\/wp-json\/wp\/v2\/media?parent=40127"}],"wp:term":[{"taxonomy":"product_cat","embeddable":true,"href":"https:\/\/trojka.pl\/index.php\/wp-json\/wp\/v2\/product_cat?post=40127"},{"taxonomy":"product_tag","embeddable":true,"href":"https:\/\/trojka.pl\/index.php\/wp-json\/wp\/v2\/product_tag?post=40127"}],"curies":[{"name":"wp","href":"https:\/\/api.w.org\/{rel}","templated":true}]}}