{"id":40116,"date":"2023-06-12T14:29:56","date_gmt":"2023-06-12T14:29:56","guid":{"rendered":"https:\/\/trojka.pl\/?post_type=product&#038;p=40116"},"modified":"2023-06-12T14:30:03","modified_gmt":"2023-06-12T14:30:03","slug":"oslona-uszczelniajaca-wlacznika-klawiszowego-rozne-krztalty-i-rozmiary-2","status":"publish","type":"product","link":"https:\/\/trojka.pl\/index.php\/produkt\/oslona-uszczelniajaca-wlacznika-klawiszowego-rozne-krztalty-i-rozmiary-2\/","title":{"rendered":"OS\u0141ONA USZCZELNIAJ\u0104CA W\u0141\u0104CZNIKA KLAWISZOWEGO R\u00d3\u017bNE KRZTA\u0141TY I ROZMIARY"},"content":{"rendered":"","protected":false},"excerpt":{"rendered":"","protected":false},"featured_media":0,"template":"","meta":[],"product_cat":[24],"product_tag":[],"class_list":["post-40116","product","type-product","status-publish","hentry","product_cat-bez-kategorii"],"_links":{"self":[{"href":"https:\/\/trojka.pl\/index.php\/wp-json\/wp\/v2\/product\/40116","targetHints":{"allow":["GET"]}}],"collection":[{"href":"https:\/\/trojka.pl\/index.php\/wp-json\/wp\/v2\/product"}],"about":[{"href":"https:\/\/trojka.pl\/index.php\/wp-json\/wp\/v2\/types\/product"}],"wp:attachment":[{"href":"https:\/\/trojka.pl\/index.php\/wp-json\/wp\/v2\/media?parent=40116"}],"wp:term":[{"taxonomy":"product_cat","embeddable":true,"href":"https:\/\/trojka.pl\/index.php\/wp-json\/wp\/v2\/product_cat?post=40116"},{"taxonomy":"product_tag","embeddable":true,"href":"https:\/\/trojka.pl\/index.php\/wp-json\/wp\/v2\/product_tag?post=40116"}],"curies":[{"name":"wp","href":"https:\/\/api.w.org\/{rel}","templated":true}]}}