{"id":40111,"date":"2023-06-12T14:29:55","date_gmt":"2023-06-12T14:29:55","guid":{"rendered":"https:\/\/trojka.pl\/?post_type=product&#038;p=40111"},"modified":"2023-06-12T14:30:02","modified_gmt":"2023-06-12T14:30:02","slug":"oslona-przelacznika-mk-0sp-01-mk-521-2","status":"publish","type":"product","link":"https:\/\/trojka.pl\/index.php\/produkt\/oslona-przelacznika-mk-0sp-01-mk-521-2\/","title":{"rendered":"OS\u0141ONA PRZE\u0141\u0104CZNIKA MK\/0SP-01-MK-521"},"content":{"rendered":"","protected":false},"excerpt":{"rendered":"","protected":false},"featured_media":0,"template":"","meta":[],"product_cat":[24],"product_tag":[],"class_list":["post-40111","product","type-product","status-publish","hentry","product_cat-bez-kategorii"],"_links":{"self":[{"href":"https:\/\/trojka.pl\/index.php\/wp-json\/wp\/v2\/product\/40111","targetHints":{"allow":["GET"]}}],"collection":[{"href":"https:\/\/trojka.pl\/index.php\/wp-json\/wp\/v2\/product"}],"about":[{"href":"https:\/\/trojka.pl\/index.php\/wp-json\/wp\/v2\/types\/product"}],"wp:attachment":[{"href":"https:\/\/trojka.pl\/index.php\/wp-json\/wp\/v2\/media?parent=40111"}],"wp:term":[{"taxonomy":"product_cat","embeddable":true,"href":"https:\/\/trojka.pl\/index.php\/wp-json\/wp\/v2\/product_cat?post=40111"},{"taxonomy":"product_tag","embeddable":true,"href":"https:\/\/trojka.pl\/index.php\/wp-json\/wp\/v2\/product_tag?post=40111"}],"curies":[{"name":"wp","href":"https:\/\/api.w.org\/{rel}","templated":true}]}}