{"id":39515,"date":"2023-06-12T14:25:03","date_gmt":"2023-06-12T14:25:03","guid":{"rendered":"https:\/\/trojka.pl\/?post_type=product&#038;p=39515"},"modified":"2023-06-12T14:25:09","modified_gmt":"2023-06-12T14:25:09","slug":"nozki-z-tworzywa-15-mm-z-kolkiem-mocujacym-do-pc-2","status":"publish","type":"product","link":"https:\/\/trojka.pl\/index.php\/produkt\/nozki-z-tworzywa-15-mm-z-kolkiem-mocujacym-do-pc-2\/","title":{"rendered":"N\u00d3\u017bKI Z TWORZYWA 15 mm Z KO\u0141KIEM MOCUJ\u0104CYM DO PC"},"content":{"rendered":"","protected":false},"excerpt":{"rendered":"","protected":false},"featured_media":0,"template":"","meta":[],"product_cat":[24],"product_tag":[],"class_list":["post-39515","product","type-product","status-publish","hentry","product_cat-bez-kategorii"],"_links":{"self":[{"href":"https:\/\/trojka.pl\/index.php\/wp-json\/wp\/v2\/product\/39515","targetHints":{"allow":["GET"]}}],"collection":[{"href":"https:\/\/trojka.pl\/index.php\/wp-json\/wp\/v2\/product"}],"about":[{"href":"https:\/\/trojka.pl\/index.php\/wp-json\/wp\/v2\/types\/product"}],"wp:attachment":[{"href":"https:\/\/trojka.pl\/index.php\/wp-json\/wp\/v2\/media?parent=39515"}],"wp:term":[{"taxonomy":"product_cat","embeddable":true,"href":"https:\/\/trojka.pl\/index.php\/wp-json\/wp\/v2\/product_cat?post=39515"},{"taxonomy":"product_tag","embeddable":true,"href":"https:\/\/trojka.pl\/index.php\/wp-json\/wp\/v2\/product_tag?post=39515"}],"curies":[{"name":"wp","href":"https:\/\/api.w.org\/{rel}","templated":true}]}}