{"id":39497,"date":"2023-06-12T14:24:58","date_gmt":"2023-06-12T14:24:58","guid":{"rendered":"https:\/\/trojka.pl\/?post_type=product&#038;p=39497"},"modified":"2023-06-12T14:25:06","modified_gmt":"2023-06-12T14:25:06","slug":"neonowka-230v-czerwona-zielona-niebieska-zolta-6-9-mm-2","status":"publish","type":"product","link":"https:\/\/trojka.pl\/index.php\/produkt\/neonowka-230v-czerwona-zielona-niebieska-zolta-6-9-mm-2\/","title":{"rendered":"NEON\u00d3WKA 230V CZERWONA , ZIELONA , NIEBIESKA , \u017b\u00d3\u0141TA 6 \/ 9 mm"},"content":{"rendered":"","protected":false},"excerpt":{"rendered":"","protected":false},"featured_media":0,"template":"","meta":[],"product_cat":[24],"product_tag":[],"class_list":["post-39497","product","type-product","status-publish","hentry","product_cat-bez-kategorii"],"_links":{"self":[{"href":"https:\/\/trojka.pl\/index.php\/wp-json\/wp\/v2\/product\/39497","targetHints":{"allow":["GET"]}}],"collection":[{"href":"https:\/\/trojka.pl\/index.php\/wp-json\/wp\/v2\/product"}],"about":[{"href":"https:\/\/trojka.pl\/index.php\/wp-json\/wp\/v2\/types\/product"}],"wp:attachment":[{"href":"https:\/\/trojka.pl\/index.php\/wp-json\/wp\/v2\/media?parent=39497"}],"wp:term":[{"taxonomy":"product_cat","embeddable":true,"href":"https:\/\/trojka.pl\/index.php\/wp-json\/wp\/v2\/product_cat?post=39497"},{"taxonomy":"product_tag","embeddable":true,"href":"https:\/\/trojka.pl\/index.php\/wp-json\/wp\/v2\/product_tag?post=39497"}],"curies":[{"name":"wp","href":"https:\/\/api.w.org\/{rel}","templated":true}]}}