{"id":39384,"date":"2023-06-12T14:24:03","date_gmt":"2023-06-12T14:24:03","guid":{"rendered":"https:\/\/trojka.pl\/?post_type=product&#038;p=39384"},"modified":"2023-06-12T14:24:11","modified_gmt":"2023-06-12T14:24:11","slug":"modul-rejestratora-z-glosnikiem-3-5v-2","status":"publish","type":"product","link":"https:\/\/trojka.pl\/index.php\/produkt\/modul-rejestratora-z-glosnikiem-3-5v-2\/","title":{"rendered":"MODU\u0141 REJESTRATORA Z G\u0141O\u015aNIKIEM 3-5V"},"content":{"rendered":"","protected":false},"excerpt":{"rendered":"","protected":false},"featured_media":0,"template":"","meta":[],"product_cat":[24],"product_tag":[],"class_list":["post-39384","product","type-product","status-publish","hentry","product_cat-bez-kategorii"],"_links":{"self":[{"href":"https:\/\/trojka.pl\/index.php\/wp-json\/wp\/v2\/product\/39384","targetHints":{"allow":["GET"]}}],"collection":[{"href":"https:\/\/trojka.pl\/index.php\/wp-json\/wp\/v2\/product"}],"about":[{"href":"https:\/\/trojka.pl\/index.php\/wp-json\/wp\/v2\/types\/product"}],"wp:attachment":[{"href":"https:\/\/trojka.pl\/index.php\/wp-json\/wp\/v2\/media?parent=39384"}],"wp:term":[{"taxonomy":"product_cat","embeddable":true,"href":"https:\/\/trojka.pl\/index.php\/wp-json\/wp\/v2\/product_cat?post=39384"},{"taxonomy":"product_tag","embeddable":true,"href":"https:\/\/trojka.pl\/index.php\/wp-json\/wp\/v2\/product_tag?post=39384"}],"curies":[{"name":"wp","href":"https:\/\/api.w.org\/{rel}","templated":true}]}}