{"id":39371,"date":"2023-06-12T14:23:52","date_gmt":"2023-06-12T14:23:52","guid":{"rendered":"https:\/\/trojka.pl\/?post_type=product&#038;p=39371"},"modified":"2023-06-12T14:23:58","modified_gmt":"2023-06-12T14:23:58","slug":"modul-przetwornicy-we-5-30v-wy-5-40v-5a-xl6019-podwyzszajaca","status":"publish","type":"product","link":"https:\/\/trojka.pl\/index.php\/produkt\/modul-przetwornicy-we-5-30v-wy-5-40v-5a-xl6019-podwyzszajaca\/","title":{"rendered":"MODU\u0141 PRZETWORNICY WE 5-30V WY 5-40V 5A XL6019 PODWY\u017bSZAJ\u0104CA"},"content":{"rendered":"","protected":false},"excerpt":{"rendered":"","protected":false},"featured_media":0,"template":"","meta":[],"product_cat":[24],"product_tag":[],"class_list":["post-39371","product","type-product","status-publish","hentry","product_cat-bez-kategorii"],"_links":{"self":[{"href":"https:\/\/trojka.pl\/index.php\/wp-json\/wp\/v2\/product\/39371","targetHints":{"allow":["GET"]}}],"collection":[{"href":"https:\/\/trojka.pl\/index.php\/wp-json\/wp\/v2\/product"}],"about":[{"href":"https:\/\/trojka.pl\/index.php\/wp-json\/wp\/v2\/types\/product"}],"wp:attachment":[{"href":"https:\/\/trojka.pl\/index.php\/wp-json\/wp\/v2\/media?parent=39371"}],"wp:term":[{"taxonomy":"product_cat","embeddable":true,"href":"https:\/\/trojka.pl\/index.php\/wp-json\/wp\/v2\/product_cat?post=39371"},{"taxonomy":"product_tag","embeddable":true,"href":"https:\/\/trojka.pl\/index.php\/wp-json\/wp\/v2\/product_tag?post=39371"}],"curies":[{"name":"wp","href":"https:\/\/api.w.org\/{rel}","templated":true}]}}