{"id":39366,"date":"2023-06-12T14:23:51","date_gmt":"2023-06-12T14:23:51","guid":{"rendered":"https:\/\/trojka.pl\/?post_type=product&#038;p=39366"},"modified":"2023-06-12T14:23:57","modified_gmt":"2023-06-12T14:23:57","slug":"modul-przetwornicy-step-up-we-10-32v-wy-12-35v-150w-podwyzszajaca","status":"publish","type":"product","link":"https:\/\/trojka.pl\/index.php\/produkt\/modul-przetwornicy-step-up-we-10-32v-wy-12-35v-150w-podwyzszajaca\/","title":{"rendered":"MODU\u0141 PRZETWORNICY STEP UP WE 10-32V WY 12-35V 150W PODWY\u017bSZAJ\u0104CA"},"content":{"rendered":"","protected":false},"excerpt":{"rendered":"","protected":false},"featured_media":0,"template":"","meta":[],"product_cat":[24],"product_tag":[],"class_list":["post-39366","product","type-product","status-publish","hentry","product_cat-bez-kategorii"],"_links":{"self":[{"href":"https:\/\/trojka.pl\/index.php\/wp-json\/wp\/v2\/product\/39366","targetHints":{"allow":["GET"]}}],"collection":[{"href":"https:\/\/trojka.pl\/index.php\/wp-json\/wp\/v2\/product"}],"about":[{"href":"https:\/\/trojka.pl\/index.php\/wp-json\/wp\/v2\/types\/product"}],"wp:attachment":[{"href":"https:\/\/trojka.pl\/index.php\/wp-json\/wp\/v2\/media?parent=39366"}],"wp:term":[{"taxonomy":"product_cat","embeddable":true,"href":"https:\/\/trojka.pl\/index.php\/wp-json\/wp\/v2\/product_cat?post=39366"},{"taxonomy":"product_tag","embeddable":true,"href":"https:\/\/trojka.pl\/index.php\/wp-json\/wp\/v2\/product_tag?post=39366"}],"curies":[{"name":"wp","href":"https:\/\/api.w.org\/{rel}","templated":true}]}}