{"id":39345,"date":"2023-06-12T14:23:39","date_gmt":"2023-06-12T14:23:39","guid":{"rendered":"https:\/\/trojka.pl\/?post_type=product&#038;p=39345"},"modified":"2023-06-12T14:23:44","modified_gmt":"2023-06-12T14:23:44","slug":"modul-oswietlenia-podczerwienia-2436424872-diod-2","status":"publish","type":"product","link":"https:\/\/trojka.pl\/index.php\/produkt\/modul-oswietlenia-podczerwienia-2436424872-diod-2\/","title":{"rendered":"MODU\u0141 O\u015aWIETLENIA PODCZERWIENI\u0104 24,36,42,48,72  DI\u00d3D"},"content":{"rendered":"","protected":false},"excerpt":{"rendered":"","protected":false},"featured_media":0,"template":"","meta":[],"product_cat":[24],"product_tag":[],"class_list":["post-39345","product","type-product","status-publish","hentry","product_cat-bez-kategorii"],"_links":{"self":[{"href":"https:\/\/trojka.pl\/index.php\/wp-json\/wp\/v2\/product\/39345","targetHints":{"allow":["GET"]}}],"collection":[{"href":"https:\/\/trojka.pl\/index.php\/wp-json\/wp\/v2\/product"}],"about":[{"href":"https:\/\/trojka.pl\/index.php\/wp-json\/wp\/v2\/types\/product"}],"wp:attachment":[{"href":"https:\/\/trojka.pl\/index.php\/wp-json\/wp\/v2\/media?parent=39345"}],"wp:term":[{"taxonomy":"product_cat","embeddable":true,"href":"https:\/\/trojka.pl\/index.php\/wp-json\/wp\/v2\/product_cat?post=39345"},{"taxonomy":"product_tag","embeddable":true,"href":"https:\/\/trojka.pl\/index.php\/wp-json\/wp\/v2\/product_tag?post=39345"}],"curies":[{"name":"wp","href":"https:\/\/api.w.org\/{rel}","templated":true}]}}