{"id":39137,"date":"2023-06-12T14:22:07","date_gmt":"2023-06-12T14:22:07","guid":{"rendered":"https:\/\/trojka.pl\/?post_type=product&#038;p=39137"},"modified":"2023-06-12T14:22:15","modified_gmt":"2023-06-12T14:22:15","slug":"miernik-pojemnosci-akumulatorow-z-obciazeniem-2","status":"publish","type":"product","link":"https:\/\/trojka.pl\/index.php\/produkt\/miernik-pojemnosci-akumulatorow-z-obciazeniem-2\/","title":{"rendered":"MIERNIK POJEMNO\u015aCI  AKUMULATOR\u00d3W Z OBCI\u0104\u017bENIEM"},"content":{"rendered":"","protected":false},"excerpt":{"rendered":"","protected":false},"featured_media":0,"template":"","meta":[],"product_cat":[24],"product_tag":[],"class_list":["post-39137","product","type-product","status-publish","hentry","product_cat-bez-kategorii"],"_links":{"self":[{"href":"https:\/\/trojka.pl\/index.php\/wp-json\/wp\/v2\/product\/39137","targetHints":{"allow":["GET"]}}],"collection":[{"href":"https:\/\/trojka.pl\/index.php\/wp-json\/wp\/v2\/product"}],"about":[{"href":"https:\/\/trojka.pl\/index.php\/wp-json\/wp\/v2\/types\/product"}],"wp:attachment":[{"href":"https:\/\/trojka.pl\/index.php\/wp-json\/wp\/v2\/media?parent=39137"}],"wp:term":[{"taxonomy":"product_cat","embeddable":true,"href":"https:\/\/trojka.pl\/index.php\/wp-json\/wp\/v2\/product_cat?post=39137"},{"taxonomy":"product_tag","embeddable":true,"href":"https:\/\/trojka.pl\/index.php\/wp-json\/wp\/v2\/product_tag?post=39137"}],"curies":[{"name":"wp","href":"https:\/\/api.w.org\/{rel}","templated":true}]}}