{"id":38837,"date":"2023-06-12T14:19:35","date_gmt":"2023-06-12T14:19:35","guid":{"rendered":"https:\/\/trojka.pl\/?post_type=product&#038;p=38837"},"modified":"2023-06-12T14:19:41","modified_gmt":"2023-06-12T14:19:41","slug":"led-smd-zolta-1206-2","status":"publish","type":"product","link":"https:\/\/trojka.pl\/index.php\/produkt\/led-smd-zolta-1206-2\/","title":{"rendered":"LED SMD \u017b\u00d3\u0141TA 1206"},"content":{"rendered":"","protected":false},"excerpt":{"rendered":"","protected":false},"featured_media":0,"template":"","meta":[],"product_cat":[24],"product_tag":[],"class_list":["post-38837","product","type-product","status-publish","hentry","product_cat-bez-kategorii"],"_links":{"self":[{"href":"https:\/\/trojka.pl\/index.php\/wp-json\/wp\/v2\/product\/38837","targetHints":{"allow":["GET"]}}],"collection":[{"href":"https:\/\/trojka.pl\/index.php\/wp-json\/wp\/v2\/product"}],"about":[{"href":"https:\/\/trojka.pl\/index.php\/wp-json\/wp\/v2\/types\/product"}],"wp:attachment":[{"href":"https:\/\/trojka.pl\/index.php\/wp-json\/wp\/v2\/media?parent=38837"}],"wp:term":[{"taxonomy":"product_cat","embeddable":true,"href":"https:\/\/trojka.pl\/index.php\/wp-json\/wp\/v2\/product_cat?post=38837"},{"taxonomy":"product_tag","embeddable":true,"href":"https:\/\/trojka.pl\/index.php\/wp-json\/wp\/v2\/product_tag?post=38837"}],"curies":[{"name":"wp","href":"https:\/\/api.w.org\/{rel}","templated":true}]}}