{"id":38809,"date":"2023-06-12T14:19:27","date_gmt":"2023-06-12T14:19:27","guid":{"rendered":"https:\/\/trojka.pl\/?post_type=product&#038;p=38809"},"modified":"2023-06-12T14:19:35","modified_gmt":"2023-06-12T14:19:35","slug":"led-modul-g4-plaski-bialy-zimny-12v-ac-dc-smd2835-36w-2","status":"publish","type":"product","link":"https:\/\/trojka.pl\/index.php\/produkt\/led-modul-g4-plaski-bialy-zimny-12v-ac-dc-smd2835-36w-2\/","title":{"rendered":"LED MODU\u0141 G4 P\u0141ASKI BIA\u0141Y ZIMNY 12V AC\/DC SMD2835 3,6W"},"content":{"rendered":"","protected":false},"excerpt":{"rendered":"","protected":false},"featured_media":0,"template":"","meta":[],"product_cat":[24],"product_tag":[],"class_list":["post-38809","product","type-product","status-publish","hentry","product_cat-bez-kategorii"],"_links":{"self":[{"href":"https:\/\/trojka.pl\/index.php\/wp-json\/wp\/v2\/product\/38809","targetHints":{"allow":["GET"]}}],"collection":[{"href":"https:\/\/trojka.pl\/index.php\/wp-json\/wp\/v2\/product"}],"about":[{"href":"https:\/\/trojka.pl\/index.php\/wp-json\/wp\/v2\/types\/product"}],"wp:attachment":[{"href":"https:\/\/trojka.pl\/index.php\/wp-json\/wp\/v2\/media?parent=38809"}],"wp:term":[{"taxonomy":"product_cat","embeddable":true,"href":"https:\/\/trojka.pl\/index.php\/wp-json\/wp\/v2\/product_cat?post=38809"},{"taxonomy":"product_tag","embeddable":true,"href":"https:\/\/trojka.pl\/index.php\/wp-json\/wp\/v2\/product_tag?post=38809"}],"curies":[{"name":"wp","href":"https:\/\/api.w.org\/{rel}","templated":true}]}}