{"id":38787,"date":"2023-06-12T14:19:14","date_gmt":"2023-06-12T14:19:14","guid":{"rendered":"https:\/\/trojka.pl\/?post_type=product&#038;p=38787"},"modified":"2023-06-12T14:19:21","modified_gmt":"2023-06-12T14:19:21","slug":"led-8mm-zolta-przezroczysta-2","status":"publish","type":"product","link":"https:\/\/trojka.pl\/index.php\/produkt\/led-8mm-zolta-przezroczysta-2\/","title":{"rendered":"LED 8mm \u017c\u00f3\u0142ta\/prze\u017aroczysta"},"content":{"rendered":"","protected":false},"excerpt":{"rendered":"","protected":false},"featured_media":0,"template":"","meta":[],"product_cat":[24],"product_tag":[],"class_list":["post-38787","product","type-product","status-publish","hentry","product_cat-bez-kategorii"],"_links":{"self":[{"href":"https:\/\/trojka.pl\/index.php\/wp-json\/wp\/v2\/product\/38787","targetHints":{"allow":["GET"]}}],"collection":[{"href":"https:\/\/trojka.pl\/index.php\/wp-json\/wp\/v2\/product"}],"about":[{"href":"https:\/\/trojka.pl\/index.php\/wp-json\/wp\/v2\/types\/product"}],"wp:attachment":[{"href":"https:\/\/trojka.pl\/index.php\/wp-json\/wp\/v2\/media?parent=38787"}],"wp:term":[{"taxonomy":"product_cat","embeddable":true,"href":"https:\/\/trojka.pl\/index.php\/wp-json\/wp\/v2\/product_cat?post=38787"},{"taxonomy":"product_tag","embeddable":true,"href":"https:\/\/trojka.pl\/index.php\/wp-json\/wp\/v2\/product_tag?post=38787"}],"curies":[{"name":"wp","href":"https:\/\/api.w.org\/{rel}","templated":true}]}}