{"id":38786,"date":"2023-06-12T14:19:13","date_gmt":"2023-06-12T14:19:13","guid":{"rendered":"https:\/\/trojka.pl\/?post_type=product&#038;p=38786"},"modified":"2023-06-12T14:19:21","modified_gmt":"2023-06-12T14:19:21","slug":"led-8mm-zolta-l-793yd-2","status":"publish","type":"product","link":"https:\/\/trojka.pl\/index.php\/produkt\/led-8mm-zolta-l-793yd-2\/","title":{"rendered":"LED 8MM \u017b\u00d3\u0141TA L-793YD"},"content":{"rendered":"","protected":false},"excerpt":{"rendered":"","protected":false},"featured_media":0,"template":"","meta":[],"product_cat":[24],"product_tag":[],"class_list":["post-38786","product","type-product","status-publish","hentry","product_cat-bez-kategorii"],"_links":{"self":[{"href":"https:\/\/trojka.pl\/index.php\/wp-json\/wp\/v2\/product\/38786","targetHints":{"allow":["GET"]}}],"collection":[{"href":"https:\/\/trojka.pl\/index.php\/wp-json\/wp\/v2\/product"}],"about":[{"href":"https:\/\/trojka.pl\/index.php\/wp-json\/wp\/v2\/types\/product"}],"wp:attachment":[{"href":"https:\/\/trojka.pl\/index.php\/wp-json\/wp\/v2\/media?parent=38786"}],"wp:term":[{"taxonomy":"product_cat","embeddable":true,"href":"https:\/\/trojka.pl\/index.php\/wp-json\/wp\/v2\/product_cat?post=38786"},{"taxonomy":"product_tag","embeddable":true,"href":"https:\/\/trojka.pl\/index.php\/wp-json\/wp\/v2\/product_tag?post=38786"}],"curies":[{"name":"wp","href":"https:\/\/api.w.org\/{rel}","templated":true}]}}