{"id":31439,"date":"2022-09-15T18:15:27","date_gmt":"2022-09-15T18:15:27","guid":{"rendered":"https:\/\/trojka.pl\/index.php\/produkt\/przedluzacz-sieciowy-z-wyl-5-gn-15m-2-gn-usb\/"},"modified":"2022-09-15T18:15:27","modified_gmt":"2022-09-15T18:15:27","slug":"przedluzacz-sieciowy-z-wyl-5-gn-15m-2-gn-usb","status":"publish","type":"product","link":"https:\/\/trojka.pl\/index.php\/produkt\/przedluzacz-sieciowy-z-wyl-5-gn-15m-2-gn-usb\/","title":{"rendered":"PRZED\u0141U\u017bACZ SIECIOWY Z WY\u0141. 5 GN. 1,5m + 2 GN. USB"},"content":{"rendered":"","protected":false},"excerpt":{"rendered":"","protected":false},"featured_media":0,"template":"","meta":[],"product_cat":[24],"product_tag":[],"class_list":["post-31439","product","type-product","status-publish","hentry","product_cat-bez-kategorii"],"_links":{"self":[{"href":"https:\/\/trojka.pl\/index.php\/wp-json\/wp\/v2\/product\/31439","targetHints":{"allow":["GET"]}}],"collection":[{"href":"https:\/\/trojka.pl\/index.php\/wp-json\/wp\/v2\/product"}],"about":[{"href":"https:\/\/trojka.pl\/index.php\/wp-json\/wp\/v2\/types\/product"}],"wp:attachment":[{"href":"https:\/\/trojka.pl\/index.php\/wp-json\/wp\/v2\/media?parent=31439"}],"wp:term":[{"taxonomy":"product_cat","embeddable":true,"href":"https:\/\/trojka.pl\/index.php\/wp-json\/wp\/v2\/product_cat?post=31439"},{"taxonomy":"product_tag","embeddable":true,"href":"https:\/\/trojka.pl\/index.php\/wp-json\/wp\/v2\/product_tag?post=31439"}],"curies":[{"name":"wp","href":"https:\/\/api.w.org\/{rel}","templated":true}]}}