{"id":31430,"date":"2022-09-15T18:15:26","date_gmt":"2022-09-15T18:15:26","guid":{"rendered":"https:\/\/trojka.pl\/index.php\/produkt\/przedluzacz-sieciowy-ltc-15m-3-gn-okr-6-gn-pl-z-wl\/"},"modified":"2022-09-15T18:15:26","modified_gmt":"2022-09-15T18:15:26","slug":"przedluzacz-sieciowy-ltc-15m-3-gn-okr-6-gn-pl-z-wl","status":"publish","type":"product","link":"https:\/\/trojka.pl\/index.php\/produkt\/przedluzacz-sieciowy-ltc-15m-3-gn-okr-6-gn-pl-z-wl\/","title":{"rendered":"PRZED\u0141U\u017bACZ SIECIOWY LTC 1,5m 3 GN.OKR.+ 6 GN. P\u0141. Z W\u0141."},"content":{"rendered":"","protected":false},"excerpt":{"rendered":"","protected":false},"featured_media":0,"template":"","meta":[],"product_cat":[24],"product_tag":[],"class_list":["post-31430","product","type-product","status-publish","hentry","product_cat-bez-kategorii"],"_links":{"self":[{"href":"https:\/\/trojka.pl\/index.php\/wp-json\/wp\/v2\/product\/31430","targetHints":{"allow":["GET"]}}],"collection":[{"href":"https:\/\/trojka.pl\/index.php\/wp-json\/wp\/v2\/product"}],"about":[{"href":"https:\/\/trojka.pl\/index.php\/wp-json\/wp\/v2\/types\/product"}],"wp:attachment":[{"href":"https:\/\/trojka.pl\/index.php\/wp-json\/wp\/v2\/media?parent=31430"}],"wp:term":[{"taxonomy":"product_cat","embeddable":true,"href":"https:\/\/trojka.pl\/index.php\/wp-json\/wp\/v2\/product_cat?post=31430"},{"taxonomy":"product_tag","embeddable":true,"href":"https:\/\/trojka.pl\/index.php\/wp-json\/wp\/v2\/product_tag?post=31430"}],"curies":[{"name":"wp","href":"https:\/\/api.w.org\/{rel}","templated":true}]}}