{"id":31429,"date":"2022-09-15T18:15:26","date_gmt":"2022-09-15T18:15:26","guid":{"rendered":"https:\/\/trojka.pl\/index.php\/produkt\/przedluzacz-sieciowy-kolor-15m-5-obw-wl\/"},"modified":"2022-09-15T18:15:26","modified_gmt":"2022-09-15T18:15:26","slug":"przedluzacz-sieciowy-kolor-15m-5-obw-wl","status":"publish","type":"product","link":"https:\/\/trojka.pl\/index.php\/produkt\/przedluzacz-sieciowy-kolor-15m-5-obw-wl\/","title":{"rendered":"PRZED\u0141U\u017bACZ SIECIOWY KOLOR 1,5m 5 OBW.W\u0141."},"content":{"rendered":"","protected":false},"excerpt":{"rendered":"","protected":false},"featured_media":0,"template":"","meta":[],"product_cat":[24],"product_tag":[],"class_list":["post-31429","product","type-product","status-publish","hentry","product_cat-bez-kategorii"],"_links":{"self":[{"href":"https:\/\/trojka.pl\/index.php\/wp-json\/wp\/v2\/product\/31429","targetHints":{"allow":["GET"]}}],"collection":[{"href":"https:\/\/trojka.pl\/index.php\/wp-json\/wp\/v2\/product"}],"about":[{"href":"https:\/\/trojka.pl\/index.php\/wp-json\/wp\/v2\/types\/product"}],"wp:attachment":[{"href":"https:\/\/trojka.pl\/index.php\/wp-json\/wp\/v2\/media?parent=31429"}],"wp:term":[{"taxonomy":"product_cat","embeddable":true,"href":"https:\/\/trojka.pl\/index.php\/wp-json\/wp\/v2\/product_cat?post=31429"},{"taxonomy":"product_tag","embeddable":true,"href":"https:\/\/trojka.pl\/index.php\/wp-json\/wp\/v2\/product_tag?post=31429"}],"curies":[{"name":"wp","href":"https:\/\/api.w.org\/{rel}","templated":true}]}}