{"id":31407,"date":"2022-09-15T18:15:21","date_gmt":"2022-09-15T18:15:21","guid":{"rendered":"https:\/\/trojka.pl\/index.php\/produkt\/przedluzacz-db-25-5m-pelny-rozbieralny\/"},"modified":"2022-09-15T18:15:21","modified_gmt":"2022-09-15T18:15:21","slug":"przedluzacz-db-25-5m-pelny-rozbieralny","status":"publish","type":"product","link":"https:\/\/trojka.pl\/index.php\/produkt\/przedluzacz-db-25-5m-pelny-rozbieralny\/","title":{"rendered":"PRZED\u0141U\u017bACZ DB 25 5M PE\u0141NY ROZBIERALNY"},"content":{"rendered":"","protected":false},"excerpt":{"rendered":"","protected":false},"featured_media":0,"template":"","meta":[],"product_cat":[24],"product_tag":[],"class_list":["post-31407","product","type-product","status-publish","hentry","product_cat-bez-kategorii"],"_links":{"self":[{"href":"https:\/\/trojka.pl\/index.php\/wp-json\/wp\/v2\/product\/31407","targetHints":{"allow":["GET"]}}],"collection":[{"href":"https:\/\/trojka.pl\/index.php\/wp-json\/wp\/v2\/product"}],"about":[{"href":"https:\/\/trojka.pl\/index.php\/wp-json\/wp\/v2\/types\/product"}],"wp:attachment":[{"href":"https:\/\/trojka.pl\/index.php\/wp-json\/wp\/v2\/media?parent=31407"}],"wp:term":[{"taxonomy":"product_cat","embeddable":true,"href":"https:\/\/trojka.pl\/index.php\/wp-json\/wp\/v2\/product_cat?post=31407"},{"taxonomy":"product_tag","embeddable":true,"href":"https:\/\/trojka.pl\/index.php\/wp-json\/wp\/v2\/product_tag?post=31407"}],"curies":[{"name":"wp","href":"https:\/\/api.w.org\/{rel}","templated":true}]}}