{"id":31264,"date":"2022-09-15T18:14:56","date_gmt":"2022-09-15T18:14:56","guid":{"rendered":"https:\/\/trojka.pl\/index.php\/produkt\/plytka-uniwersalna-prototypowa-zestaw-przewodow-z-z-40-szt-20-30-cm-10-kolorow\/"},"modified":"2022-09-15T18:14:56","modified_gmt":"2022-09-15T18:14:56","slug":"plytka-uniwersalna-prototypowa-zestaw-przewodow-z-z-40-szt-20-30-cm-10-kolorow","status":"publish","type":"product","link":"https:\/\/trojka.pl\/index.php\/produkt\/plytka-uniwersalna-prototypowa-zestaw-przewodow-z-z-40-szt-20-30-cm-10-kolorow\/","title":{"rendered":"P\u0141YTKA UNIWERSALNA PROTOTYPOWA ZESTAW PRZEWOD\u00d3W \u017b\/\u017b 40 SZT 20\/30 cm 10 KOLOR\u00d3W"},"content":{"rendered":"","protected":false},"excerpt":{"rendered":"","protected":false},"featured_media":0,"template":"","meta":[],"product_cat":[24],"product_tag":[],"class_list":["post-31264","product","type-product","status-publish","hentry","product_cat-bez-kategorii"],"_links":{"self":[{"href":"https:\/\/trojka.pl\/index.php\/wp-json\/wp\/v2\/product\/31264","targetHints":{"allow":["GET"]}}],"collection":[{"href":"https:\/\/trojka.pl\/index.php\/wp-json\/wp\/v2\/product"}],"about":[{"href":"https:\/\/trojka.pl\/index.php\/wp-json\/wp\/v2\/types\/product"}],"wp:attachment":[{"href":"https:\/\/trojka.pl\/index.php\/wp-json\/wp\/v2\/media?parent=31264"}],"wp:term":[{"taxonomy":"product_cat","embeddable":true,"href":"https:\/\/trojka.pl\/index.php\/wp-json\/wp\/v2\/product_cat?post=31264"},{"taxonomy":"product_tag","embeddable":true,"href":"https:\/\/trojka.pl\/index.php\/wp-json\/wp\/v2\/product_tag?post=31264"}],"curies":[{"name":"wp","href":"https:\/\/api.w.org\/{rel}","templated":true}]}}