{"id":31151,"date":"2022-09-15T18:14:35","date_gmt":"2022-09-15T18:14:35","guid":{"rendered":"https:\/\/trojka.pl\/index.php\/produkt\/pasta-przewodzaca-srebrna-03ml-do-naprawy-sciezek\/"},"modified":"2022-09-15T18:14:35","modified_gmt":"2022-09-15T18:14:35","slug":"pasta-przewodzaca-srebrna-03ml-do-naprawy-sciezek","status":"publish","type":"product","link":"https:\/\/trojka.pl\/index.php\/produkt\/pasta-przewodzaca-srebrna-03ml-do-naprawy-sciezek\/","title":{"rendered":"PASTA PRZEWODZ\u0104CA SREBRNA 0,3mL DO NAPRAWY \u015aCIE\u017bEK"},"content":{"rendered":"","protected":false},"excerpt":{"rendered":"","protected":false},"featured_media":0,"template":"","meta":[],"product_cat":[24],"product_tag":[],"class_list":["post-31151","product","type-product","status-publish","hentry","product_cat-bez-kategorii"],"_links":{"self":[{"href":"https:\/\/trojka.pl\/index.php\/wp-json\/wp\/v2\/product\/31151","targetHints":{"allow":["GET"]}}],"collection":[{"href":"https:\/\/trojka.pl\/index.php\/wp-json\/wp\/v2\/product"}],"about":[{"href":"https:\/\/trojka.pl\/index.php\/wp-json\/wp\/v2\/types\/product"}],"wp:attachment":[{"href":"https:\/\/trojka.pl\/index.php\/wp-json\/wp\/v2\/media?parent=31151"}],"wp:term":[{"taxonomy":"product_cat","embeddable":true,"href":"https:\/\/trojka.pl\/index.php\/wp-json\/wp\/v2\/product_cat?post=31151"},{"taxonomy":"product_tag","embeddable":true,"href":"https:\/\/trojka.pl\/index.php\/wp-json\/wp\/v2\/product_tag?post=31151"}],"curies":[{"name":"wp","href":"https:\/\/api.w.org\/{rel}","templated":true}]}}