{"id":31111,"date":"2022-09-15T18:14:27","date_gmt":"2022-09-15T18:14:27","guid":{"rendered":"https:\/\/trojka.pl\/index.php\/produkt\/oslona-przelacznika-mk-0sp-01-mk-521\/"},"modified":"2022-09-15T18:14:27","modified_gmt":"2022-09-15T18:14:27","slug":"oslona-przelacznika-mk-0sp-01-mk-521","status":"publish","type":"product","link":"https:\/\/trojka.pl\/index.php\/produkt\/oslona-przelacznika-mk-0sp-01-mk-521\/","title":{"rendered":"OS\u0141ONA PRZE\u0141\u0104CZNIKA MK\/0SP-01-MK-521"},"content":{"rendered":"","protected":false},"excerpt":{"rendered":"","protected":false},"featured_media":0,"template":"","meta":[],"product_cat":[24],"product_tag":[],"class_list":["post-31111","product","type-product","status-publish","hentry","product_cat-bez-kategorii"],"_links":{"self":[{"href":"https:\/\/trojka.pl\/index.php\/wp-json\/wp\/v2\/product\/31111","targetHints":{"allow":["GET"]}}],"collection":[{"href":"https:\/\/trojka.pl\/index.php\/wp-json\/wp\/v2\/product"}],"about":[{"href":"https:\/\/trojka.pl\/index.php\/wp-json\/wp\/v2\/types\/product"}],"wp:attachment":[{"href":"https:\/\/trojka.pl\/index.php\/wp-json\/wp\/v2\/media?parent=31111"}],"wp:term":[{"taxonomy":"product_cat","embeddable":true,"href":"https:\/\/trojka.pl\/index.php\/wp-json\/wp\/v2\/product_cat?post=31111"},{"taxonomy":"product_tag","embeddable":true,"href":"https:\/\/trojka.pl\/index.php\/wp-json\/wp\/v2\/product_tag?post=31111"}],"curies":[{"name":"wp","href":"https:\/\/api.w.org\/{rel}","templated":true}]}}