{"id":31029,"date":"2022-09-15T18:14:12","date_gmt":"2022-09-15T18:14:12","guid":{"rendered":"https:\/\/trojka.pl\/index.php\/produkt\/odgietka-z-dlawica-kabel-65-15mm\/"},"modified":"2022-09-15T18:14:12","modified_gmt":"2022-09-15T18:14:12","slug":"odgietka-z-dlawica-kabel-65-15mm","status":"publish","type":"product","link":"https:\/\/trojka.pl\/index.php\/produkt\/odgietka-z-dlawica-kabel-65-15mm\/","title":{"rendered":"ODGI\u0118TKA Z D\u0141AWIC\u0104 KABEL 6,5-15mm"},"content":{"rendered":"","protected":false},"excerpt":{"rendered":"","protected":false},"featured_media":0,"template":"","meta":[],"product_cat":[24],"product_tag":[],"class_list":["post-31029","product","type-product","status-publish","hentry","product_cat-bez-kategorii"],"_links":{"self":[{"href":"https:\/\/trojka.pl\/index.php\/wp-json\/wp\/v2\/product\/31029","targetHints":{"allow":["GET"]}}],"collection":[{"href":"https:\/\/trojka.pl\/index.php\/wp-json\/wp\/v2\/product"}],"about":[{"href":"https:\/\/trojka.pl\/index.php\/wp-json\/wp\/v2\/types\/product"}],"wp:attachment":[{"href":"https:\/\/trojka.pl\/index.php\/wp-json\/wp\/v2\/media?parent=31029"}],"wp:term":[{"taxonomy":"product_cat","embeddable":true,"href":"https:\/\/trojka.pl\/index.php\/wp-json\/wp\/v2\/product_cat?post=31029"},{"taxonomy":"product_tag","embeddable":true,"href":"https:\/\/trojka.pl\/index.php\/wp-json\/wp\/v2\/product_tag?post=31029"}],"curies":[{"name":"wp","href":"https:\/\/api.w.org\/{rel}","templated":true}]}}