{"id":30628,"date":"2022-09-15T18:13:00","date_gmt":"2022-09-15T18:13:00","guid":{"rendered":"https:\/\/trojka.pl\/index.php\/produkt\/obudowa-iot-zpset1510-2-jasny-dol-bezbarwna-gora-z-uszczelka-i-tulejami-mosieznymi-dlawice-arduino\/"},"modified":"2022-09-15T18:13:00","modified_gmt":"2022-09-15T18:13:00","slug":"obudowa-iot-zpset1510-2-jasny-dol-bezbarwna-gora-z-uszczelka-i-tulejami-mosieznymi-dlawice-arduino","status":"publish","type":"product","link":"https:\/\/trojka.pl\/index.php\/produkt\/obudowa-iot-zpset1510-2-jasny-dol-bezbarwna-gora-z-uszczelka-i-tulejami-mosieznymi-dlawice-arduino\/","title":{"rendered":"OBUDOWA IOT.ZPSET1510.2 JASNY D\u00d3\u0141 BEZBARWNA G\u00d3RA Z USZCZELK\u0104 I TULEJAMI MOSI\u0118\u017bNYMI D\u0141AWICE ARDUINO"},"content":{"rendered":"","protected":false},"excerpt":{"rendered":"","protected":false},"featured_media":0,"template":"","meta":[],"product_cat":[24],"product_tag":[],"class_list":["post-30628","product","type-product","status-publish","hentry","product_cat-bez-kategorii"],"_links":{"self":[{"href":"https:\/\/trojka.pl\/index.php\/wp-json\/wp\/v2\/product\/30628","targetHints":{"allow":["GET"]}}],"collection":[{"href":"https:\/\/trojka.pl\/index.php\/wp-json\/wp\/v2\/product"}],"about":[{"href":"https:\/\/trojka.pl\/index.php\/wp-json\/wp\/v2\/types\/product"}],"wp:attachment":[{"href":"https:\/\/trojka.pl\/index.php\/wp-json\/wp\/v2\/media?parent=30628"}],"wp:term":[{"taxonomy":"product_cat","embeddable":true,"href":"https:\/\/trojka.pl\/index.php\/wp-json\/wp\/v2\/product_cat?post=30628"},{"taxonomy":"product_tag","embeddable":true,"href":"https:\/\/trojka.pl\/index.php\/wp-json\/wp\/v2\/product_tag?post=30628"}],"curies":[{"name":"wp","href":"https:\/\/api.w.org\/{rel}","templated":true}]}}