{"id":30561,"date":"2022-09-15T18:12:49","date_gmt":"2022-09-15T18:12:49","guid":{"rendered":"https:\/\/trojka.pl\/index.php\/produkt\/nozki-z-tworzywa-28-mm-z-kolkiem-mocujacym-do-pc\/"},"modified":"2022-09-15T18:12:49","modified_gmt":"2022-09-15T18:12:49","slug":"nozki-z-tworzywa-28-mm-z-kolkiem-mocujacym-do-pc","status":"publish","type":"product","link":"https:\/\/trojka.pl\/index.php\/produkt\/nozki-z-tworzywa-28-mm-z-kolkiem-mocujacym-do-pc\/","title":{"rendered":"N\u00d3\u017bKI Z TWORZYWA 28 mm  Z KO\u0141KIEM MOCUJ\u0104CYM DO PC"},"content":{"rendered":"","protected":false},"excerpt":{"rendered":"","protected":false},"featured_media":0,"template":"","meta":[],"product_cat":[24],"product_tag":[],"class_list":["post-30561","product","type-product","status-publish","hentry","product_cat-bez-kategorii"],"_links":{"self":[{"href":"https:\/\/trojka.pl\/index.php\/wp-json\/wp\/v2\/product\/30561","targetHints":{"allow":["GET"]}}],"collection":[{"href":"https:\/\/trojka.pl\/index.php\/wp-json\/wp\/v2\/product"}],"about":[{"href":"https:\/\/trojka.pl\/index.php\/wp-json\/wp\/v2\/types\/product"}],"wp:attachment":[{"href":"https:\/\/trojka.pl\/index.php\/wp-json\/wp\/v2\/media?parent=30561"}],"wp:term":[{"taxonomy":"product_cat","embeddable":true,"href":"https:\/\/trojka.pl\/index.php\/wp-json\/wp\/v2\/product_cat?post=30561"},{"taxonomy":"product_tag","embeddable":true,"href":"https:\/\/trojka.pl\/index.php\/wp-json\/wp\/v2\/product_tag?post=30561"}],"curies":[{"name":"wp","href":"https:\/\/api.w.org\/{rel}","templated":true}]}}