{"id":30559,"date":"2022-09-15T18:12:48","date_gmt":"2022-09-15T18:12:48","guid":{"rendered":"https:\/\/trojka.pl\/index.php\/produkt\/nozka-samoprzylepna-okragla-szara\/"},"modified":"2022-09-15T18:12:48","modified_gmt":"2022-09-15T18:12:48","slug":"nozka-samoprzylepna-okragla-szara","status":"publish","type":"product","link":"https:\/\/trojka.pl\/index.php\/produkt\/nozka-samoprzylepna-okragla-szara\/","title":{"rendered":"N\u00d3\u017bKA SAMOPRZYLEPNA OKR\u0104G\u0141A SZARA"},"content":{"rendered":"","protected":false},"excerpt":{"rendered":"","protected":false},"featured_media":0,"template":"","meta":[],"product_cat":[24],"product_tag":[],"class_list":["post-30559","product","type-product","status-publish","hentry","product_cat-bez-kategorii"],"_links":{"self":[{"href":"https:\/\/trojka.pl\/index.php\/wp-json\/wp\/v2\/product\/30559","targetHints":{"allow":["GET"]}}],"collection":[{"href":"https:\/\/trojka.pl\/index.php\/wp-json\/wp\/v2\/product"}],"about":[{"href":"https:\/\/trojka.pl\/index.php\/wp-json\/wp\/v2\/types\/product"}],"wp:attachment":[{"href":"https:\/\/trojka.pl\/index.php\/wp-json\/wp\/v2\/media?parent=30559"}],"wp:term":[{"taxonomy":"product_cat","embeddable":true,"href":"https:\/\/trojka.pl\/index.php\/wp-json\/wp\/v2\/product_cat?post=30559"},{"taxonomy":"product_tag","embeddable":true,"href":"https:\/\/trojka.pl\/index.php\/wp-json\/wp\/v2\/product_tag?post=30559"}],"curies":[{"name":"wp","href":"https:\/\/api.w.org\/{rel}","templated":true}]}}