{"id":30550,"date":"2022-09-15T18:12:47","date_gmt":"2022-09-15T18:12:47","guid":{"rendered":"https:\/\/trojka.pl\/index.php\/produkt\/nozyczki-do-swiatlowodow\/"},"modified":"2022-09-15T18:12:47","modified_gmt":"2022-09-15T18:12:47","slug":"nozyczki-do-swiatlowodow","status":"publish","type":"product","link":"https:\/\/trojka.pl\/index.php\/produkt\/nozyczki-do-swiatlowodow\/","title":{"rendered":"NO\u017bYCZKI DO \u015aWIAT\u0141OWOD\u00d3W"},"content":{"rendered":"","protected":false},"excerpt":{"rendered":"","protected":false},"featured_media":0,"template":"","meta":[],"product_cat":[24],"product_tag":[],"class_list":["post-30550","product","type-product","status-publish","hentry","product_cat-bez-kategorii"],"_links":{"self":[{"href":"https:\/\/trojka.pl\/index.php\/wp-json\/wp\/v2\/product\/30550","targetHints":{"allow":["GET"]}}],"collection":[{"href":"https:\/\/trojka.pl\/index.php\/wp-json\/wp\/v2\/product"}],"about":[{"href":"https:\/\/trojka.pl\/index.php\/wp-json\/wp\/v2\/types\/product"}],"wp:attachment":[{"href":"https:\/\/trojka.pl\/index.php\/wp-json\/wp\/v2\/media?parent=30550"}],"wp:term":[{"taxonomy":"product_cat","embeddable":true,"href":"https:\/\/trojka.pl\/index.php\/wp-json\/wp\/v2\/product_cat?post=30550"},{"taxonomy":"product_tag","embeddable":true,"href":"https:\/\/trojka.pl\/index.php\/wp-json\/wp\/v2\/product_tag?post=30550"}],"curies":[{"name":"wp","href":"https:\/\/api.w.org\/{rel}","templated":true}]}}