{"id":30543,"date":"2022-09-15T18:12:46","date_gmt":"2022-09-15T18:12:46","guid":{"rendered":"https:\/\/trojka.pl\/index.php\/produkt\/neonowka-230v-czerwona-zielona-niebieska-zolta-6-9-mm\/"},"modified":"2022-09-15T18:12:46","modified_gmt":"2022-09-15T18:12:46","slug":"neonowka-230v-czerwona-zielona-niebieska-zolta-6-9-mm","status":"publish","type":"product","link":"https:\/\/trojka.pl\/index.php\/produkt\/neonowka-230v-czerwona-zielona-niebieska-zolta-6-9-mm\/","title":{"rendered":"NEON\u00d3WKA 230V CZERWONA , ZIELONA , NIEBIESKA , \u017b\u00d3\u0141TA 6 \/ 9 mm"},"content":{"rendered":"","protected":false},"excerpt":{"rendered":"","protected":false},"featured_media":0,"template":"","meta":[],"product_cat":[24],"product_tag":[],"class_list":["post-30543","product","type-product","status-publish","hentry","product_cat-bez-kategorii"],"_links":{"self":[{"href":"https:\/\/trojka.pl\/index.php\/wp-json\/wp\/v2\/product\/30543","targetHints":{"allow":["GET"]}}],"collection":[{"href":"https:\/\/trojka.pl\/index.php\/wp-json\/wp\/v2\/product"}],"about":[{"href":"https:\/\/trojka.pl\/index.php\/wp-json\/wp\/v2\/types\/product"}],"wp:attachment":[{"href":"https:\/\/trojka.pl\/index.php\/wp-json\/wp\/v2\/media?parent=30543"}],"wp:term":[{"taxonomy":"product_cat","embeddable":true,"href":"https:\/\/trojka.pl\/index.php\/wp-json\/wp\/v2\/product_cat?post=30543"},{"taxonomy":"product_tag","embeddable":true,"href":"https:\/\/trojka.pl\/index.php\/wp-json\/wp\/v2\/product_tag?post=30543"}],"curies":[{"name":"wp","href":"https:\/\/api.w.org\/{rel}","templated":true}]}}