{"id":30432,"date":"2022-09-15T18:12:26","date_gmt":"2022-09-15T18:12:26","guid":{"rendered":"https:\/\/trojka.pl\/index.php\/produkt\/modul-rejestratora-z-glosnikiem-3-5v\/"},"modified":"2022-09-15T18:12:26","modified_gmt":"2022-09-15T18:12:26","slug":"modul-rejestratora-z-glosnikiem-3-5v","status":"publish","type":"product","link":"https:\/\/trojka.pl\/index.php\/produkt\/modul-rejestratora-z-glosnikiem-3-5v\/","title":{"rendered":"MODU\u0141 REJESTRATORA Z G\u0141O\u015aNIKIEM 3-5V"},"content":{"rendered":"","protected":false},"excerpt":{"rendered":"","protected":false},"featured_media":0,"template":"","meta":[],"product_cat":[24],"product_tag":[],"class_list":["post-30432","product","type-product","status-publish","hentry","product_cat-bez-kategorii"],"_links":{"self":[{"href":"https:\/\/trojka.pl\/index.php\/wp-json\/wp\/v2\/product\/30432","targetHints":{"allow":["GET"]}}],"collection":[{"href":"https:\/\/trojka.pl\/index.php\/wp-json\/wp\/v2\/product"}],"about":[{"href":"https:\/\/trojka.pl\/index.php\/wp-json\/wp\/v2\/types\/product"}],"wp:attachment":[{"href":"https:\/\/trojka.pl\/index.php\/wp-json\/wp\/v2\/media?parent=30432"}],"wp:term":[{"taxonomy":"product_cat","embeddable":true,"href":"https:\/\/trojka.pl\/index.php\/wp-json\/wp\/v2\/product_cat?post=30432"},{"taxonomy":"product_tag","embeddable":true,"href":"https:\/\/trojka.pl\/index.php\/wp-json\/wp\/v2\/product_tag?post=30432"}],"curies":[{"name":"wp","href":"https:\/\/api.w.org\/{rel}","templated":true}]}}