{"id":30426,"date":"2022-09-15T18:12:25","date_gmt":"2022-09-15T18:12:25","guid":{"rendered":"https:\/\/trojka.pl\/index.php\/produkt\/modul-radiowy-4-kanaly-315-mhz-z-pilotem-12v-z-modulem-przekaznikow\/"},"modified":"2022-09-15T18:12:25","modified_gmt":"2022-09-15T18:12:25","slug":"modul-radiowy-4-kanaly-315-mhz-z-pilotem-12v-z-modulem-przekaznikow","status":"publish","type":"product","link":"https:\/\/trojka.pl\/index.php\/produkt\/modul-radiowy-4-kanaly-315-mhz-z-pilotem-12v-z-modulem-przekaznikow\/","title":{"rendered":"MODU\u0141 RADIOWY  4 KANA\u0141Y 315 MHz Z PILOTEM 12V  Z MODU\u0141EM PRZEKA\u0179NIK\u00d3W"},"content":{"rendered":"","protected":false},"excerpt":{"rendered":"","protected":false},"featured_media":0,"template":"","meta":[],"product_cat":[24],"product_tag":[],"class_list":["post-30426","product","type-product","status-publish","hentry","product_cat-bez-kategorii"],"_links":{"self":[{"href":"https:\/\/trojka.pl\/index.php\/wp-json\/wp\/v2\/product\/30426","targetHints":{"allow":["GET"]}}],"collection":[{"href":"https:\/\/trojka.pl\/index.php\/wp-json\/wp\/v2\/product"}],"about":[{"href":"https:\/\/trojka.pl\/index.php\/wp-json\/wp\/v2\/types\/product"}],"wp:attachment":[{"href":"https:\/\/trojka.pl\/index.php\/wp-json\/wp\/v2\/media?parent=30426"}],"wp:term":[{"taxonomy":"product_cat","embeddable":true,"href":"https:\/\/trojka.pl\/index.php\/wp-json\/wp\/v2\/product_cat?post=30426"},{"taxonomy":"product_tag","embeddable":true,"href":"https:\/\/trojka.pl\/index.php\/wp-json\/wp\/v2\/product_tag?post=30426"}],"curies":[{"name":"wp","href":"https:\/\/api.w.org\/{rel}","templated":true}]}}