{"id":30406,"date":"2022-09-15T18:12:22","date_gmt":"2022-09-15T18:12:22","guid":{"rendered":"https:\/\/trojka.pl\/index.php\/produkt\/modul-przekaznika-z-ukladem-czasowym-5v-5-30v\/"},"modified":"2022-09-15T18:12:22","modified_gmt":"2022-09-15T18:12:22","slug":"modul-przekaznika-z-ukladem-czasowym-5v-5-30v","status":"publish","type":"product","link":"https:\/\/trojka.pl\/index.php\/produkt\/modul-przekaznika-z-ukladem-czasowym-5v-5-30v\/","title":{"rendered":"MODU\u0141 PRZEKA\u0179NIKA Z UK\u0141ADEM CZASOWYM 5V \/ 5-30V"},"content":{"rendered":"","protected":false},"excerpt":{"rendered":"","protected":false},"featured_media":0,"template":"","meta":[],"product_cat":[24],"product_tag":[],"class_list":["post-30406","product","type-product","status-publish","hentry","product_cat-bez-kategorii"],"_links":{"self":[{"href":"https:\/\/trojka.pl\/index.php\/wp-json\/wp\/v2\/product\/30406","targetHints":{"allow":["GET"]}}],"collection":[{"href":"https:\/\/trojka.pl\/index.php\/wp-json\/wp\/v2\/product"}],"about":[{"href":"https:\/\/trojka.pl\/index.php\/wp-json\/wp\/v2\/types\/product"}],"wp:attachment":[{"href":"https:\/\/trojka.pl\/index.php\/wp-json\/wp\/v2\/media?parent=30406"}],"wp:term":[{"taxonomy":"product_cat","embeddable":true,"href":"https:\/\/trojka.pl\/index.php\/wp-json\/wp\/v2\/product_cat?post=30406"},{"taxonomy":"product_tag","embeddable":true,"href":"https:\/\/trojka.pl\/index.php\/wp-json\/wp\/v2\/product_tag?post=30406"}],"curies":[{"name":"wp","href":"https:\/\/api.w.org\/{rel}","templated":true}]}}