{"id":30381,"date":"2022-09-15T18:12:17","date_gmt":"2022-09-15T18:12:17","guid":{"rendered":"https:\/\/trojka.pl\/index.php\/produkt\/modul-led-1w-eco-lens-bialy-cieply-12v-samsung\/"},"modified":"2022-09-15T18:12:17","modified_gmt":"2022-09-15T18:12:17","slug":"modul-led-1w-eco-lens-bialy-cieply-12v-samsung","status":"publish","type":"product","link":"https:\/\/trojka.pl\/index.php\/produkt\/modul-led-1w-eco-lens-bialy-cieply-12v-samsung\/","title":{"rendered":"MODU\u0141 LED 1W ECO LENS BIA\u0141Y CIEP\u0141Y 12V SAMSUNG"},"content":{"rendered":"","protected":false},"excerpt":{"rendered":"","protected":false},"featured_media":0,"template":"","meta":[],"product_cat":[24],"product_tag":[],"class_list":["post-30381","product","type-product","status-publish","hentry","product_cat-bez-kategorii"],"_links":{"self":[{"href":"https:\/\/trojka.pl\/index.php\/wp-json\/wp\/v2\/product\/30381","targetHints":{"allow":["GET"]}}],"collection":[{"href":"https:\/\/trojka.pl\/index.php\/wp-json\/wp\/v2\/product"}],"about":[{"href":"https:\/\/trojka.pl\/index.php\/wp-json\/wp\/v2\/types\/product"}],"wp:attachment":[{"href":"https:\/\/trojka.pl\/index.php\/wp-json\/wp\/v2\/media?parent=30381"}],"wp:term":[{"taxonomy":"product_cat","embeddable":true,"href":"https:\/\/trojka.pl\/index.php\/wp-json\/wp\/v2\/product_cat?post=30381"},{"taxonomy":"product_tag","embeddable":true,"href":"https:\/\/trojka.pl\/index.php\/wp-json\/wp\/v2\/product_tag?post=30381"}],"curies":[{"name":"wp","href":"https:\/\/api.w.org\/{rel}","templated":true}]}}