{"id":30376,"date":"2022-09-15T18:12:16","date_gmt":"2022-09-15T18:12:16","guid":{"rendered":"https:\/\/trojka.pl\/index.php\/produkt\/modul-generatora-sygnalu-prostokatnego-ne555\/"},"modified":"2022-09-15T18:12:16","modified_gmt":"2022-09-15T18:12:16","slug":"modul-generatora-sygnalu-prostokatnego-ne555","status":"publish","type":"product","link":"https:\/\/trojka.pl\/index.php\/produkt\/modul-generatora-sygnalu-prostokatnego-ne555\/","title":{"rendered":"MODU\u0141 GENERATORA SYGNA\u0141U PROSTOK\u0104TNEGO NE555"},"content":{"rendered":"","protected":false},"excerpt":{"rendered":"","protected":false},"featured_media":0,"template":"","meta":[],"product_cat":[24],"product_tag":[],"class_list":["post-30376","product","type-product","status-publish","hentry","product_cat-bez-kategorii"],"_links":{"self":[{"href":"https:\/\/trojka.pl\/index.php\/wp-json\/wp\/v2\/product\/30376","targetHints":{"allow":["GET"]}}],"collection":[{"href":"https:\/\/trojka.pl\/index.php\/wp-json\/wp\/v2\/product"}],"about":[{"href":"https:\/\/trojka.pl\/index.php\/wp-json\/wp\/v2\/types\/product"}],"wp:attachment":[{"href":"https:\/\/trojka.pl\/index.php\/wp-json\/wp\/v2\/media?parent=30376"}],"wp:term":[{"taxonomy":"product_cat","embeddable":true,"href":"https:\/\/trojka.pl\/index.php\/wp-json\/wp\/v2\/product_cat?post=30376"},{"taxonomy":"product_tag","embeddable":true,"href":"https:\/\/trojka.pl\/index.php\/wp-json\/wp\/v2\/product_tag?post=30376"}],"curies":[{"name":"wp","href":"https:\/\/api.w.org\/{rel}","templated":true}]}}