{"id":30218,"date":"2022-09-15T18:11:50","date_gmt":"2022-09-15T18:11:50","guid":{"rendered":"https:\/\/trojka.pl\/index.php\/produkt\/miernik-va-40r-uniwersalny-z-pomiarem-pojemnosci-czestotliwosci-port-usb\/"},"modified":"2022-09-15T18:11:50","modified_gmt":"2022-09-15T18:11:50","slug":"miernik-va-40r-uniwersalny-z-pomiarem-pojemnosci-czestotliwosci-port-usb","status":"publish","type":"product","link":"https:\/\/trojka.pl\/index.php\/produkt\/miernik-va-40r-uniwersalny-z-pomiarem-pojemnosci-czestotliwosci-port-usb\/","title":{"rendered":"MIERNIK VA-40R uniwersalny z pomiarem pojemno\u015bci, cz\u0119stotliwo\u015bci, port USB"},"content":{"rendered":"","protected":false},"excerpt":{"rendered":"","protected":false},"featured_media":0,"template":"","meta":[],"product_cat":[24],"product_tag":[],"class_list":["post-30218","product","type-product","status-publish","hentry","product_cat-bez-kategorii"],"_links":{"self":[{"href":"https:\/\/trojka.pl\/index.php\/wp-json\/wp\/v2\/product\/30218","targetHints":{"allow":["GET"]}}],"collection":[{"href":"https:\/\/trojka.pl\/index.php\/wp-json\/wp\/v2\/product"}],"about":[{"href":"https:\/\/trojka.pl\/index.php\/wp-json\/wp\/v2\/types\/product"}],"wp:attachment":[{"href":"https:\/\/trojka.pl\/index.php\/wp-json\/wp\/v2\/media?parent=30218"}],"wp:term":[{"taxonomy":"product_cat","embeddable":true,"href":"https:\/\/trojka.pl\/index.php\/wp-json\/wp\/v2\/product_cat?post=30218"},{"taxonomy":"product_tag","embeddable":true,"href":"https:\/\/trojka.pl\/index.php\/wp-json\/wp\/v2\/product_tag?post=30218"}],"curies":[{"name":"wp","href":"https:\/\/api.w.org\/{rel}","templated":true}]}}