{"id":30185,"date":"2022-09-15T18:11:45","date_gmt":"2022-09-15T18:11:45","guid":{"rendered":"https:\/\/trojka.pl\/index.php\/produkt\/miernik-pojemnosci-akumulatorow-z-obciazeniem\/"},"modified":"2022-09-15T18:11:45","modified_gmt":"2022-09-15T18:11:45","slug":"miernik-pojemnosci-akumulatorow-z-obciazeniem","status":"publish","type":"product","link":"https:\/\/trojka.pl\/index.php\/produkt\/miernik-pojemnosci-akumulatorow-z-obciazeniem\/","title":{"rendered":"MIERNIK POJEMNO\u015aCI  AKUMULATOR\u00d3W Z OBCI\u0104\u017bENIEM"},"content":{"rendered":"","protected":false},"excerpt":{"rendered":"","protected":false},"featured_media":0,"template":"","meta":[],"product_cat":[24],"product_tag":[],"class_list":["post-30185","product","type-product","status-publish","hentry","product_cat-bez-kategorii"],"_links":{"self":[{"href":"https:\/\/trojka.pl\/index.php\/wp-json\/wp\/v2\/product\/30185","targetHints":{"allow":["GET"]}}],"collection":[{"href":"https:\/\/trojka.pl\/index.php\/wp-json\/wp\/v2\/product"}],"about":[{"href":"https:\/\/trojka.pl\/index.php\/wp-json\/wp\/v2\/types\/product"}],"wp:attachment":[{"href":"https:\/\/trojka.pl\/index.php\/wp-json\/wp\/v2\/media?parent=30185"}],"wp:term":[{"taxonomy":"product_cat","embeddable":true,"href":"https:\/\/trojka.pl\/index.php\/wp-json\/wp\/v2\/product_cat?post=30185"},{"taxonomy":"product_tag","embeddable":true,"href":"https:\/\/trojka.pl\/index.php\/wp-json\/wp\/v2\/product_tag?post=30185"}],"curies":[{"name":"wp","href":"https:\/\/api.w.org\/{rel}","templated":true}]}}