{"id":29858,"date":"2022-09-15T18:10:51","date_gmt":"2022-09-15T18:10:51","guid":{"rendered":"https:\/\/trojka.pl\/index.php\/produkt\/led-modul-bialy-cieply-zimny-4-x-flux\/"},"modified":"2022-09-15T18:10:51","modified_gmt":"2022-09-15T18:10:51","slug":"led-modul-bialy-cieply-zimny-4-x-flux","status":"publish","type":"product","link":"https:\/\/trojka.pl\/index.php\/produkt\/led-modul-bialy-cieply-zimny-4-x-flux\/","title":{"rendered":"LED MODU\u0141 BIA\u0141Y CIEP\u0141Y \/ ZIMNY 4 x  FLUX"},"content":{"rendered":"","protected":false},"excerpt":{"rendered":"","protected":false},"featured_media":0,"template":"","meta":[],"product_cat":[24],"product_tag":[],"class_list":["post-29858","product","type-product","status-publish","hentry","product_cat-bez-kategorii"],"_links":{"self":[{"href":"https:\/\/trojka.pl\/index.php\/wp-json\/wp\/v2\/product\/29858","targetHints":{"allow":["GET"]}}],"collection":[{"href":"https:\/\/trojka.pl\/index.php\/wp-json\/wp\/v2\/product"}],"about":[{"href":"https:\/\/trojka.pl\/index.php\/wp-json\/wp\/v2\/types\/product"}],"wp:attachment":[{"href":"https:\/\/trojka.pl\/index.php\/wp-json\/wp\/v2\/media?parent=29858"}],"wp:term":[{"taxonomy":"product_cat","embeddable":true,"href":"https:\/\/trojka.pl\/index.php\/wp-json\/wp\/v2\/product_cat?post=29858"},{"taxonomy":"product_tag","embeddable":true,"href":"https:\/\/trojka.pl\/index.php\/wp-json\/wp\/v2\/product_tag?post=29858"}],"curies":[{"name":"wp","href":"https:\/\/api.w.org\/{rel}","templated":true}]}}