{"id":29843,"date":"2022-09-15T18:10:48","date_gmt":"2022-09-15T18:10:48","guid":{"rendered":"https:\/\/trojka.pl\/index.php\/produkt\/led-8mm-zolta-przezroczysta\/"},"modified":"2022-09-15T18:10:48","modified_gmt":"2022-09-15T18:10:48","slug":"led-8mm-zolta-przezroczysta","status":"publish","type":"product","link":"https:\/\/trojka.pl\/index.php\/produkt\/led-8mm-zolta-przezroczysta\/","title":{"rendered":"LED 8mm \u017c\u00f3\u0142ta\/prze\u017aroczysta"},"content":{"rendered":"","protected":false},"excerpt":{"rendered":"","protected":false},"featured_media":0,"template":"","meta":[],"product_cat":[24],"product_tag":[],"class_list":["post-29843","product","type-product","status-publish","hentry","product_cat-bez-kategorii"],"_links":{"self":[{"href":"https:\/\/trojka.pl\/index.php\/wp-json\/wp\/v2\/product\/29843","targetHints":{"allow":["GET"]}}],"collection":[{"href":"https:\/\/trojka.pl\/index.php\/wp-json\/wp\/v2\/product"}],"about":[{"href":"https:\/\/trojka.pl\/index.php\/wp-json\/wp\/v2\/types\/product"}],"wp:attachment":[{"href":"https:\/\/trojka.pl\/index.php\/wp-json\/wp\/v2\/media?parent=29843"}],"wp:term":[{"taxonomy":"product_cat","embeddable":true,"href":"https:\/\/trojka.pl\/index.php\/wp-json\/wp\/v2\/product_cat?post=29843"},{"taxonomy":"product_tag","embeddable":true,"href":"https:\/\/trojka.pl\/index.php\/wp-json\/wp\/v2\/product_tag?post=29843"}],"curies":[{"name":"wp","href":"https:\/\/api.w.org\/{rel}","templated":true}]}}