{"id":29842,"date":"2022-09-15T18:10:48","date_gmt":"2022-09-15T18:10:48","guid":{"rendered":"https:\/\/trojka.pl\/index.php\/produkt\/led-8mm-zolta-l-793yd\/"},"modified":"2022-09-15T18:10:48","modified_gmt":"2022-09-15T18:10:48","slug":"led-8mm-zolta-l-793yd","status":"publish","type":"product","link":"https:\/\/trojka.pl\/index.php\/produkt\/led-8mm-zolta-l-793yd\/","title":{"rendered":"LED 8MM \u017b\u00d3\u0141TA L-793YD"},"content":{"rendered":"","protected":false},"excerpt":{"rendered":"","protected":false},"featured_media":0,"template":"","meta":[],"product_cat":[24],"product_tag":[],"class_list":["post-29842","product","type-product","status-publish","hentry","product_cat-bez-kategorii"],"_links":{"self":[{"href":"https:\/\/trojka.pl\/index.php\/wp-json\/wp\/v2\/product\/29842","targetHints":{"allow":["GET"]}}],"collection":[{"href":"https:\/\/trojka.pl\/index.php\/wp-json\/wp\/v2\/product"}],"about":[{"href":"https:\/\/trojka.pl\/index.php\/wp-json\/wp\/v2\/types\/product"}],"wp:attachment":[{"href":"https:\/\/trojka.pl\/index.php\/wp-json\/wp\/v2\/media?parent=29842"}],"wp:term":[{"taxonomy":"product_cat","embeddable":true,"href":"https:\/\/trojka.pl\/index.php\/wp-json\/wp\/v2\/product_cat?post=29842"},{"taxonomy":"product_tag","embeddable":true,"href":"https:\/\/trojka.pl\/index.php\/wp-json\/wp\/v2\/product_tag?post=29842"}],"curies":[{"name":"wp","href":"https:\/\/api.w.org\/{rel}","templated":true}]}}