{"id":29833,"date":"2022-09-15T18:10:47","date_gmt":"2022-09-15T18:10:47","guid":{"rendered":"https:\/\/trojka.pl\/index.php\/produkt\/led-5mm-zolta-l5yd1300a\/"},"modified":"2022-09-15T18:10:47","modified_gmt":"2022-09-15T18:10:47","slug":"led-5mm-zolta-l5yd1300a","status":"publish","type":"product","link":"https:\/\/trojka.pl\/index.php\/produkt\/led-5mm-zolta-l5yd1300a\/","title":{"rendered":"LED 5MM \u017b\u00d3\u0141TA L5YD1300A"},"content":{"rendered":"","protected":false},"excerpt":{"rendered":"","protected":false},"featured_media":0,"template":"","meta":[],"product_cat":[24],"product_tag":[],"class_list":["post-29833","product","type-product","status-publish","hentry","product_cat-bez-kategorii"],"_links":{"self":[{"href":"https:\/\/trojka.pl\/index.php\/wp-json\/wp\/v2\/product\/29833","targetHints":{"allow":["GET"]}}],"collection":[{"href":"https:\/\/trojka.pl\/index.php\/wp-json\/wp\/v2\/product"}],"about":[{"href":"https:\/\/trojka.pl\/index.php\/wp-json\/wp\/v2\/types\/product"}],"wp:attachment":[{"href":"https:\/\/trojka.pl\/index.php\/wp-json\/wp\/v2\/media?parent=29833"}],"wp:term":[{"taxonomy":"product_cat","embeddable":true,"href":"https:\/\/trojka.pl\/index.php\/wp-json\/wp\/v2\/product_cat?post=29833"},{"taxonomy":"product_tag","embeddable":true,"href":"https:\/\/trojka.pl\/index.php\/wp-json\/wp\/v2\/product_tag?post=29833"}],"curies":[{"name":"wp","href":"https:\/\/api.w.org\/{rel}","templated":true}]}}